{"id":205,"date":"2020-10-19T22:11:53","date_gmt":"2020-10-20T03:11:53","guid":{"rendered":"https:\/\/fredericviale.com\/new\/?post_type=product&#038;p=205"},"modified":"2020-11-10T05:07:57","modified_gmt":"2020-11-10T04:07:57","slug":"la-belle-chose","status":"publish","type":"product","link":"https:\/\/fredericviale.com\/new\/product\/la-belle-chose\/","title":{"rendered":"La Belle Chose"},"content":{"rendered":"<p>La rencontre avec le bassiste Natallino Neto a \u00e9t\u00e9 d\u00e9terminante pour que le Fr\u00e9d\u00e9ric Viale Quartet voit le jour. D\u00e9sormais les compagnons de route de Fr\u00e9d\u00e9ric sont : Nelson Veras, guitariste et Zaza Desiderio, batteur. Ils nous offrent un cocktail br\u00e9silien auquel le saxophoniste Emanuele Cisi a ajout\u00e9 son talent sur quelques titres. Le premier album du Fr\u00e9d\u00e9ric Viale Quartet se compose de neuf cr\u00e9ations et deux reprises : \u2018La chanson des vieux amants\u2019 de Jacques Brel et \u2018Valsa sem Nom\u2019 de Baden Powell.<\/p>\n","protected":false},"excerpt":{"rendered":"<p>L\u2019album du morceau \u2018<strong>Locomotango<\/strong>\u2018 et dans lequel\u00a0Fr\u00e9d\u00e9ric joue \u00e9galement du\u00a0<strong>bandon\u00e9on<\/strong>. La d\u00e9couverte d\u2019une musique originale, color\u00e9e et m\u00e9lodique qui prend sa source dans les musiques latines, dans le jazz et le musette. Le tout premier opus du Fr\u00e9d\u00e9ric Viale Quartet.<\/p>\n","protected":false},"featured_media":122,"template":"","meta":[],"product_cat":[19],"product_tag":[],"_links":{"self":[{"href":"https:\/\/fredericviale.com\/new\/wp-json\/wp\/v2\/product\/205"}],"collection":[{"href":"https:\/\/fredericviale.com\/new\/wp-json\/wp\/v2\/product"}],"about":[{"href":"https:\/\/fredericviale.com\/new\/wp-json\/wp\/v2\/types\/product"}],"wp:featuredmedia":[{"embeddable":true,"href":"https:\/\/fredericviale.com\/new\/wp-json\/wp\/v2\/media\/122"}],"wp:attachment":[{"href":"https:\/\/fredericviale.com\/new\/wp-json\/wp\/v2\/media?parent=205"}],"wp:term":[{"taxonomy":"product_cat","embeddable":true,"href":"https:\/\/fredericviale.com\/new\/wp-json\/wp\/v2\/product_cat?post=205"},{"taxonomy":"product_tag","embeddable":true,"href":"https:\/\/fredericviale.com\/new\/wp-json\/wp\/v2\/product_tag?post=205"}],"curies":[{"name":"wp","href":"https:\/\/api.w.org\/{rel}","templated":true}]}}