{"id":206,"date":"2020-10-19T22:15:12","date_gmt":"2020-10-19T20:15:12","guid":{"rendered":"https:\/\/fredericviale.com\/new\/?post_type=product&#038;p=206"},"modified":"2020-11-10T05:06:47","modified_gmt":"2020-11-10T04:06:47","slug":"lames-latines","status":"publish","type":"product","link":"https:\/\/fredericviale.com\/new\/product\/lames-latines\/","title":{"rendered":"Lames Latines"},"content":{"rendered":"<p>C\u2019est au Br\u00e9sil, \u00e0 Rio de Janeiro, en 2008 que Fr\u00e9d\u00e9ric enregistre ce deuxi\u00e8me album. Dans ce nouvel opus, jazz, tango et musique br\u00e9silienne s\u2019entrem\u00ealent sous l\u2019influence du grand <a href=\"http:\/\/www.hermetopascoal.com.br\/\">Hermeto Pascoal<\/a>.\u00a0Des musiciens de renom participent \u00e0 cette aventure :\u00a0<a href=\"https:\/\/worldmusiccentral.org\/2018\/03\/07\/artist-profiles-marcio-bahia\/\">Marcio Bahia<\/a>,\u00a0<a href=\"https:\/\/www.cristalrecords.com\/artiste\/andre-ceccarelli\/\">Andr\u00e9 Ceccarelli,<\/a>\u00a0<a href=\"http:\/\/jeanmarie-ecay.com\/\">Jean-Marie Ecay<\/a>, Thierry Galliano,\u00a0<a href=\"http:\/\/diego.imbert.free.fr\/bio.html\">Diego Imbert<\/a>, Marcello Martins, Daniel Santiago et Andr\u00e9 Vasconcellos.<\/p>\n","protected":false},"excerpt":{"rendered":"<p>L\u2019album des morceaux \u2018Flor do Brasil\u2018 et de \u2018Alma Argentina\u2019. Une musique originale, inspir\u00e9e des musiques d\u2019Am\u00e9rique du Sud. Le deuxi\u00e8me album de Fr\u00e9d\u00e9ric Viale.<\/p>\n","protected":false},"featured_media":118,"template":"","meta":[],"product_cat":[19],"product_tag":[],"_links":{"self":[{"href":"https:\/\/fredericviale.com\/new\/wp-json\/wp\/v2\/product\/206"}],"collection":[{"href":"https:\/\/fredericviale.com\/new\/wp-json\/wp\/v2\/product"}],"about":[{"href":"https:\/\/fredericviale.com\/new\/wp-json\/wp\/v2\/types\/product"}],"wp:featuredmedia":[{"embeddable":true,"href":"https:\/\/fredericviale.com\/new\/wp-json\/wp\/v2\/media\/118"}],"wp:attachment":[{"href":"https:\/\/fredericviale.com\/new\/wp-json\/wp\/v2\/media?parent=206"}],"wp:term":[{"taxonomy":"product_cat","embeddable":true,"href":"https:\/\/fredericviale.com\/new\/wp-json\/wp\/v2\/product_cat?post=206"},{"taxonomy":"product_tag","embeddable":true,"href":"https:\/\/fredericviale.com\/new\/wp-json\/wp\/v2\/product_tag?post=206"}],"curies":[{"name":"wp","href":"https:\/\/api.w.org\/{rel}","templated":true}]}}