{"id":418,"date":"2020-11-05T04:16:45","date_gmt":"2020-11-05T03:16:45","guid":{"rendered":"https:\/\/fredericviale.com\/new\/?post_type=product&#038;p=418"},"modified":"2020-11-17T16:58:06","modified_gmt":"2020-11-17T15:58:06","slug":"lenvol","status":"publish","type":"product","link":"https:\/\/fredericviale.com\/new\/product\/lenvol\/","title":{"rendered":"L\u2019envol"},"content":{"rendered":"<p><strong>Nouvel Album !<\/strong><\/p>\n<p>Fr\u00e9d\u00e9ric Viale nous offre avec son 6\u00e8me album, huit compositions in\u00e9dites et deux d\u00e9licieux standards de la chanson fran\u00e7aise. Il retrouve dans ce disque le bassiste Natallino Neto, le batteur Zaza Desiderio et le guitariste Nelson Veras. Il accueille \u00e9galement la chanteuse Chlo\u00e9 Cailleton et le pianiste Julian Leprince-Caetano. Gr\u00e2ce \u00e0 son exp\u00e9rience, sa culture musicale et au talent de ses amis musiciens, Fr\u00e9d\u00e9ric se sent aujourd\u2019hui plus libre d\u2019innover.<\/p>\n","protected":false},"excerpt":{"rendered":"<p>Le tout nouvel album. Un message musical plein d\u2019espoir dans un monde chahut\u00e9. \u2018Dans ces moments-l\u00e0, une chose est certaine\u00a0: les artistes sont l\u00e0 pour apporter un peu de r\u00e9pit \u00e0 l\u2019\u00e2me\u2019. FV<\/p>\n","protected":false},"featured_media":511,"template":"","meta":[],"product_cat":[19],"product_tag":[],"_links":{"self":[{"href":"https:\/\/fredericviale.com\/new\/wp-json\/wp\/v2\/product\/418"}],"collection":[{"href":"https:\/\/fredericviale.com\/new\/wp-json\/wp\/v2\/product"}],"about":[{"href":"https:\/\/fredericviale.com\/new\/wp-json\/wp\/v2\/types\/product"}],"wp:featuredmedia":[{"embeddable":true,"href":"https:\/\/fredericviale.com\/new\/wp-json\/wp\/v2\/media\/511"}],"wp:attachment":[{"href":"https:\/\/fredericviale.com\/new\/wp-json\/wp\/v2\/media?parent=418"}],"wp:term":[{"taxonomy":"product_cat","embeddable":true,"href":"https:\/\/fredericviale.com\/new\/wp-json\/wp\/v2\/product_cat?post=418"},{"taxonomy":"product_tag","embeddable":true,"href":"https:\/\/fredericviale.com\/new\/wp-json\/wp\/v2\/product_tag?post=418"}],"curies":[{"name":"wp","href":"https:\/\/api.w.org\/{rel}","templated":true}]}}